{"id":95,"date":"2023-09-25T15:18:50","date_gmt":"2023-09-25T13:18:50","guid":{"rendered":"https:\/\/www.dieleserei.ch\/contact\/"},"modified":"2023-12-12T13:17:09","modified_gmt":"2023-12-12T12:17:09","slug":"contact","status":"publish","type":"page","link":"https:\/\/www.dieleserei.ch\/fr\/contact\/","title":{"rendered":"Contact"},"content":{"rendered":"\n<div class=\"wpcf7 no-js\" id=\"wpcf7-f199-o1\" lang=\"de-DE\" dir=\"ltr\" data-wpcf7-id=\"199\">\n<div class=\"screen-reader-response\"><p role=\"status\" aria-live=\"polite\" aria-atomic=\"true\"><\/p> <ul><\/ul><\/div>\n<form action=\"\/fr\/wp-json\/wp\/v2\/pages\/95#wpcf7-f199-o1\" method=\"post\" class=\"wpcf7-form init\" aria-label=\"Kontaktformular\" novalidate=\"novalidate\" data-status=\"init\">\n<fieldset class=\"hidden-fields-container\"><input type=\"hidden\" name=\"_wpcf7\" value=\"199\" \/><input type=\"hidden\" name=\"_wpcf7_version\" value=\"6.1.5\" \/><input type=\"hidden\" name=\"_wpcf7_locale\" value=\"de_DE\" \/><input type=\"hidden\" name=\"_wpcf7_unit_tag\" value=\"wpcf7-f199-o1\" \/><input type=\"hidden\" name=\"_wpcf7_container_post\" value=\"0\" \/><input type=\"hidden\" name=\"_wpcf7_posted_data_hash\" value=\"\" \/><input type=\"hidden\" name=\"_cf7a__timestamp\" value=\"KTsX5bHxGYQ\/wz2lgpxUGw==\" \/><input type=\"hidden\" name=\"_cf7a_version\" value=\"1.0\" \/><input type=\"hidden\" name=\"_cf7a_address\" value=\"\" \/><input type=\"hidden\" name=\"_cf7a_referer\" value=\"\" \/><input type=\"hidden\" name=\"_cf7a_protocol\" value=\"\" \/><input type=\"hidden\" name=\"_cf7a_bot_fingerprint\" value=\"KTsX5bHxGYQ\/wz2lgpxUGw==\" \/><input type=\"hidden\" name=\"_cf7a_bot_fingerprint_extras\" \/><input type=\"hidden\" name=\"_cf7a_append_on_submit\" \/>\n<\/fieldset>\n<div class=\"row justify-content-center\">\n\t<div class=\"col-lg-5 col-md-9\">\n\t\t<h3>Que puis-je faire pour vous?\n\t\t<\/h3>\n\t\t<p><span class=\"wpcf7-form-control-wrap\" data-name=\"your-chioce\"><span class=\"wpcf7-form-control wpcf7-checkbox\"><span class=\"wpcf7-list-item first\"><input type=\"checkbox\" name=\"your-chioce[]\" value=\"Veuillez me contacter.\" \/><span class=\"wpcf7-list-item-label\">Veuillez me contacter.<\/span><\/span><span class=\"wpcf7-list-item last\"><input type=\"checkbox\" name=\"your-chioce[]\" value=\"Veuillez me faire parvenir un devis (extrait en pi\u00e8ce jointe).\" \/><span class=\"wpcf7-list-item-label\">Veuillez me faire parvenir un devis (extrait en pi\u00e8ce jointe).<\/span><\/span><\/span><\/span>\n\t\t<\/p>\n\t\t<h4>Vos coordonn\u00e9es\n\t\t<\/h4>\n\t\t<p><span class=\"wpcf7-form-control-wrap\" data-name=\"your-gender\"><span class=\"wpcf7-form-control wpcf7-radio\"><span class=\"wpcf7-list-item first\"><input type=\"radio\" name=\"your-gender\" value=\"Madame\" \/><span class=\"wpcf7-list-item-label\">Madame<\/span><\/span><span class=\"wpcf7-list-item\"><input type=\"radio\" name=\"your-gender\" value=\"Monsieur\" \/><span class=\"wpcf7-list-item-label\">Monsieur<\/span><\/span><span class=\"wpcf7-list-item last\"><input type=\"radio\" name=\"your-gender\" value=\"Pas important\" \/><span class=\"wpcf7-list-item-label\">Pas important<\/span><\/span><\/span><\/span>\n\t\t<\/p>\n\t\t<div class=\"row\">\n\t\t\t<div class=\"col-lg-12\">\n\t\t\t\t<p><span class=\"wpcf7-form-control-wrap\" data-name=\"your-firmname\"><input size=\"40\" maxlength=\"400\" class=\"wpcf7-form-control wpcf7-text field-input\" aria-invalid=\"false\" placeholder=\"Nom de l&#039;entreprise\" value=\"\" type=\"text\" name=\"your-firmname\" \/><input type=\"text\" name=\"phone\" value=\"\" autocomplete=\"fill\" class=\"fit-the-fullspace\" aria-hidden=\"true\" tabindex=\"-1\" \/><\/span>\n\t\t\t\t<\/p>\n\t\t\t<\/div>\n\t\t\t<div class=\"col-lg-6\">\n\t\t\t\t<p><span class=\"wpcf7-form-control-wrap\" data-name=\"your-vorname\"><input size=\"40\" maxlength=\"400\" class=\"wpcf7-form-control wpcf7-text wpcf7-validates-as-required field-input\" aria-required=\"true\" aria-invalid=\"false\" placeholder=\"Pr\u00e9nom *\" value=\"\" type=\"text\" name=\"your-vorname\" \/><\/span>\n\t\t\t\t<\/p>\n\t\t\t<\/div>\n\t\t\t<div class=\"col-lg-6\">\n\t\t\t\t<p><span class=\"wpcf7-form-control-wrap\" data-name=\"your-nachname\"><input size=\"40\" maxlength=\"400\" class=\"wpcf7-form-control wpcf7-text wpcf7-validates-as-required field-input\" aria-required=\"true\" aria-invalid=\"false\" placeholder=\"Nom de famille *\" value=\"\" type=\"text\" name=\"your-nachname\" \/><\/span>\n\t\t\t\t<\/p>\n\t\t\t<\/div>\n\t\t\t<div class=\"col-lg-12\">\n\t\t\t\t<p><span class=\"wpcf7-form-control-wrap\" data-name=\"your-strasse\"><input size=\"40\" maxlength=\"400\" class=\"wpcf7-form-control wpcf7-text wpcf7-validates-as-required field-input\" aria-required=\"true\" aria-invalid=\"false\" placeholder=\"Rue et num\u00e9ro de maison *\" value=\"\" type=\"text\" name=\"your-strasse\" \/><\/span>\n\t\t\t\t<\/p>\n\t\t\t<\/div>\n\t\t\t<div class=\"col-lg-6\">\n\t\t\t\t<p><span class=\"wpcf7-form-control-wrap\" data-name=\"your-post\"><input size=\"40\" maxlength=\"400\" class=\"wpcf7-form-control wpcf7-text wpcf7-validates-as-required field-input\" aria-required=\"true\" aria-invalid=\"false\" placeholder=\"Code Postal *\" value=\"\" type=\"text\" name=\"your-post\" \/><\/span>\n\t\t\t\t<\/p>\n\t\t\t<\/div>\n\t\t\t<div class=\"col-lg-6\">\n\t\t\t\t<p><span class=\"wpcf7-form-control-wrap\" data-name=\"your-ort\"><input size=\"40\" maxlength=\"400\" class=\"wpcf7-form-control wpcf7-text wpcf7-validates-as-required field-input\" aria-required=\"true\" aria-invalid=\"false\" placeholder=\"Emplacement *\" value=\"\" type=\"text\" name=\"your-ort\" \/><\/span>\n\t\t\t\t<\/p>\n\t\t\t<\/div>\n\t\t\t<div class=\"col-lg-6\">\n\t\t\t\t<p><span class=\"wpcf7-form-control-wrap\" data-name=\"your-email\"><input size=\"40\" maxlength=\"400\" class=\"wpcf7-form-control wpcf7-email wpcf7-validates-as-required wpcf7-text wpcf7-validates-as-email field-input\" aria-required=\"true\" aria-invalid=\"false\" placeholder=\"Adresse e-mail *\" value=\"\" type=\"email\" name=\"your-email\" \/><\/span>\n\t\t\t\t<\/p>\n\t\t\t<\/div>\n\t\t\t<div class=\"col-lg-6\">\n\t\t\t\t<p><span class=\"wpcf7-form-control-wrap\" data-name=\"your-tel\"><input size=\"40\" maxlength=\"400\" class=\"wpcf7-form-control wpcf7-tel wpcf7-validates-as-required wpcf7-text wpcf7-validates-as-tel field-input\" aria-required=\"true\" aria-invalid=\"false\" placeholder=\"Num\u00e9ro de t\u00e9l\u00e9phone *\" value=\"\" type=\"tel\" name=\"your-tel\" \/><\/span>\n\t\t\t\t<\/p>\n\t\t\t<\/div>\n\t\t\t<div class=\"col-lg-12\">\n\t\t\t\t<h4>T\u00e9l\u00e9chargement de fichiers\n\t\t\t\t<\/h4>\n\t\t\t\t<p><span class=\"wpcf7-form-control-wrap\" data-name=\"upload-file-726\"><input size=\"40\" class=\"wpcf7-form-control wpcf7-drag-n-drop-file d-none\" aria-invalid=\"false\" type=\"file\" multiple=\"multiple\" data-name=\"upload-file-726\" data-type=\"pdf|jpeg|doc|png|docx|jpg|txt\" data-id=\"199\" data-version=\"free version 1.3.9.6\" accept=\".pdf, .jpeg, .doc, .png, .docx, .jpg, .txt\" \/><\/span>\n\t\t\t\t<\/p>\n\t\t\t\t<h4>Informations compl\u00e9mentaires\n\t\t\t\t<\/h4>\n\t\t\t\t<p><span class=\"wpcf7-form-control-wrap\" data-name=\"your-message\"><textarea cols=\"30\" rows=\"6\" maxlength=\"2000\" class=\"wpcf7-form-control wpcf7-textarea field-input\" aria-invalid=\"false\" placeholder=\"Remarques\" name=\"your-message\"><\/textarea><\/span>\n\t\t\t\t<\/p>\n\t\t\t\t<h4>Comment avez vous connu Die Leserei?\n\t\t\t\t<\/h4>\n\t\t\t\t<p><span class=\"wpcf7-form-control-wrap\" data-name=\"your-where\"><span class=\"wpcf7-form-control wpcf7-radio\"><span class=\"wpcf7-list-item first\"><input type=\"radio\" name=\"your-where\" value=\"Google\" \/><span class=\"wpcf7-list-item-label\">Google<\/span><\/span><span class=\"wpcf7-list-item\"><input type=\"radio\" name=\"your-where\" value=\"Recommandation\" \/><span class=\"wpcf7-list-item-label\">Recommandation<\/span><\/span><span class=\"wpcf7-list-item\"><input type=\"radio\" name=\"your-where\" value=\"Publicit\u00e9\" \/><span class=\"wpcf7-list-item-label\">Publicit\u00e9<\/span><\/span><span class=\"wpcf7-list-item last\"><input type=\"radio\" name=\"your-where\" value=\"La s\u00e9lection ne s&#146;applique pas \u00e0 moi\" \/><span class=\"wpcf7-list-item-label\">La s\u00e9lection ne s&#146;applique pas \u00e0 moi<\/span><\/span><\/span><\/span>\n\t\t\t\t<\/p>\n\t\t\t\t<p><button type=\"submit\" class=\"btn-contact\">Envoyer une demande<\/button>\n\t\t\t\t<\/p>\n\t\t\t<\/div>\n\t\t<\/div>\n\t<\/div>\n<\/div><div class=\"wpcf7-response-output\" aria-hidden=\"true\"><\/div>\n<\/form>\n<\/div>\n\n","protected":false},"excerpt":{"rendered":"","protected":false},"author":2,"featured_media":0,"parent":0,"menu_order":0,"comment_status":"closed","ping_status":"closed","template":"","meta":{"_acf_changed":false,"_seopress_robots_primary_cat":"","_seopress_titles_title":"Agence relecture Die Leserei en Suisse. Allemand, anglais, fran\u00e7ais. Anna D\u00e4twyler","_seopress_titles_desc":"Le petit bureau relecture \u00e0 Berne pour les grands textes corrige et relit. ","_seopress_robots_index":"","footnotes":""},"class_list":["post-95","page","type-page","status-publish","hentry"],"acf":[],"_links":{"self":[{"href":"https:\/\/www.dieleserei.ch\/fr\/wp-json\/wp\/v2\/pages\/95","targetHints":{"allow":["GET"]}}],"collection":[{"href":"https:\/\/www.dieleserei.ch\/fr\/wp-json\/wp\/v2\/pages"}],"about":[{"href":"https:\/\/www.dieleserei.ch\/fr\/wp-json\/wp\/v2\/types\/page"}],"author":[{"embeddable":true,"href":"https:\/\/www.dieleserei.ch\/fr\/wp-json\/wp\/v2\/users\/2"}],"replies":[{"embeddable":true,"href":"https:\/\/www.dieleserei.ch\/fr\/wp-json\/wp\/v2\/comments?post=95"}],"version-history":[{"count":5,"href":"https:\/\/www.dieleserei.ch\/fr\/wp-json\/wp\/v2\/pages\/95\/revisions"}],"predecessor-version":[{"id":877,"href":"https:\/\/www.dieleserei.ch\/fr\/wp-json\/wp\/v2\/pages\/95\/revisions\/877"}],"wp:attachment":[{"href":"https:\/\/www.dieleserei.ch\/fr\/wp-json\/wp\/v2\/media?parent=95"}],"curies":[{"name":"wp","href":"https:\/\/api.w.org\/{rel}","templated":true}]}}