{"id":80,"date":"2023-09-25T15:14:38","date_gmt":"2023-09-25T13:14:38","guid":{"rendered":"https:\/\/www.dieleserei.ch\/sur-moi\/"},"modified":"2026-04-01T11:17:16","modified_gmt":"2026-04-01T09:17:16","slug":"sur-moi","status":"publish","type":"page","link":"https:\/\/www.dieleserei.ch\/fr\/sur-moi\/","title":{"rendered":"\u00c0 propos de moi"},"content":{"rendered":"","protected":false},"excerpt":{"rendered":"","protected":false},"author":2,"featured_media":2276,"parent":0,"menu_order":0,"comment_status":"closed","ping_status":"closed","template":"","meta":{"_acf_changed":false,"_seopress_robots_primary_cat":"","_seopress_titles_title":"Agence relecture Die Leserei en Suisse. Allemand, anglais, fran\u00e7ais. Anna D\u00e4twyler","_seopress_titles_desc":"Le petit bureau relecture \u00e0 Berne pour les grands textes corrige et relit.","_seopress_robots_index":"","footnotes":""},"class_list":["post-80","page","type-page","status-publish","has-post-thumbnail","hentry"],"acf":[],"_links":{"self":[{"href":"https:\/\/www.dieleserei.ch\/fr\/wp-json\/wp\/v2\/pages\/80","targetHints":{"allow":["GET"]}}],"collection":[{"href":"https:\/\/www.dieleserei.ch\/fr\/wp-json\/wp\/v2\/pages"}],"about":[{"href":"https:\/\/www.dieleserei.ch\/fr\/wp-json\/wp\/v2\/types\/page"}],"author":[{"embeddable":true,"href":"https:\/\/www.dieleserei.ch\/fr\/wp-json\/wp\/v2\/users\/2"}],"replies":[{"embeddable":true,"href":"https:\/\/www.dieleserei.ch\/fr\/wp-json\/wp\/v2\/comments?post=80"}],"version-history":[{"count":54,"href":"https:\/\/www.dieleserei.ch\/fr\/wp-json\/wp\/v2\/pages\/80\/revisions"}],"predecessor-version":[{"id":3236,"href":"https:\/\/www.dieleserei.ch\/fr\/wp-json\/wp\/v2\/pages\/80\/revisions\/3236"}],"wp:featuredmedia":[{"embeddable":true,"href":"https:\/\/www.dieleserei.ch\/fr\/wp-json\/wp\/v2\/media\/2276"}],"wp:attachment":[{"href":"https:\/\/www.dieleserei.ch\/fr\/wp-json\/wp\/v2\/media?parent=80"}],"curies":[{"name":"wp","href":"https:\/\/api.w.org\/{rel}","templated":true}]}}